{"id":55,"date":"2016-01-20T12:30:30","date_gmt":"2016-01-20T12:30:30","guid":{"rendered":"http:\/\/nasedoba.me\/?page_id=55"},"modified":"2016-10-06T14:43:03","modified_gmt":"2016-10-06T14:43:03","slug":"o-nama","status":"publish","type":"page","link":"https:\/\/nasedoba.me\/?page_id=55","title":{"rendered":"O nama"},"content":{"rendered":"<p>Na ovim stranicama bavimo se pitanjima vezanim za starije gra\u0111ane i nastojimo da na\u0161e vr\u0161njake podstaknemo da se vi\u0161e uklju\u010duju u sve procese koji se ti\u010du njih samih pa i u digitalno dru\u0161tvo. \u017delimo da preko ovih stranica razmjenjujemo informacije i ideje, da se povezujemo i zajedni\u010dkim snagama djelujemo u korist na\u0161e generacije, mla\u0111ih generacija i ukupne zajednice.<\/p>\n<p><img loading=\"lazy\" decoding=\"async\" class=\"alignnone wp-image-349 size-large\" src=\"http:\/\/nasedoba.me\/wp-content\/uploads\/2016\/01\/proj-1-Rez-grupa-DSCF4985-1024x768.jpg\" alt=\"\u010clanovi NVU Na\u0161e doba 2012\" width=\"1024\" height=\"768\" srcset=\"https:\/\/nasedoba.me\/wp-content\/uploads\/2016\/01\/proj-1-Rez-grupa-DSCF4985-1024x768.jpg 1024w, https:\/\/nasedoba.me\/wp-content\/uploads\/2016\/01\/proj-1-Rez-grupa-DSCF4985-300x225.jpg 300w, https:\/\/nasedoba.me\/wp-content\/uploads\/2016\/01\/proj-1-Rez-grupa-DSCF4985-1080x810.jpg 1080w\" sizes=\"auto, (max-width: 1024px) 100vw, 1024px\" \/><\/p>\n<p><em>Na\u0161e doba je doba kada mo\u017eemo da se posvetimo onome za \u0161to ranije nijesmo imali vremena. \u017delimo da iskoristimo svoje snage , ideje i iskustva, da budemo kreativni i nadoknadimo bar dio onoga \u0161to jo\u0161 nijesmo stigli da uradimo. <\/em><\/p>\n<p>Demografski podaci pokazuju da raste udio starijeg stanovni\u0161tva u ukupnom stanovni\u0161tvu Crne Gore. Sada je svaki peti stanovnik stariji od 60 godina, a predvi\u0111a se da \u0107e oko 2030. godine u toj dobnoj skupini biti svaki \u010detvrti. Ovakvo stanje zahtijeva da se okru\u017eenje bolje prilago\u0111ava i tim grupama stanovni\u0161tva.<\/p>\n<p>Osnovali smo Nevladino udru\u017eenje \u201eNa\u0161e doba\u201d 2012. godine kako bismo podsticali zajednicu da posveti pa\u017enju potrebama i sposobnostima starijih ljudi i da se usmjeri na aktiviranje potencijala starijih, a ne samo na pru\u017eanje usluga pasivnim korisnicima. Istovremeno, nastojimo da starije gra\u0111ane podstaknemo da se sami anga\u017euju kako bi doprinijeli rje\u0161avanju pitanja svoje generacije i pobolj\u0161anju kvaliteta \u017eivota. Pri tome ra\u010dunamo na saradnju sa mla\u0111im generacijama.<\/p>\n<p><strong>Afirmi\u0161emo pristup\u00a0&#8211;\u00a0stariji su resurs, a ne teret.<\/strong><\/p>\n<p><span style=\"text-decoration: underline;\"><strong>Na\u0161a vizija<\/strong><\/span><\/p>\n<p>Stariji ljudi aktivni i ravnopravni \u010dlanovi crnogorskog dru\u0161tva.<\/p>\n<p><span style=\"text-decoration: underline;\"><strong> Na\u0161a misija<\/strong><\/span><\/p>\n<p>Unapre\u0111enje polo\u017eaja starijih osoba i podsticanje njihovog aktivnog u\u010de\u0161\u0107a u\u00a0zajednici kroz promovisanje aktivnog starenja, volonterizma, generacijske i\u00a0me\u0111ugeneracijske saradnje.<\/p>\n<p><span style=\"text-decoration: underline;\"><strong>Na\u0161e djelatnosti:<\/strong><\/span><\/p>\n<ul>\n<li>anga\u017eovanje volontera u dru\u0161tvenim akcijama<\/li>\n<li>edukacija i aktiviranje kreativnih potencijala starijih ljudi<\/li>\n<li>zalaganje za cjelo\u017eivotno u\u010denje<\/li>\n<li>podsticanje grupa za samopomo\u0107<\/li>\n<li>uklju\u010divanje starijih u dru\u0161tvene\u00a0procese<\/li>\n<li>podr\u0161ka mla\u0111im generacijama u rje\u0161avanju njima va\u017enih pitanja<\/li>\n<li>zalaganje za rje\u0161avanje pitanja va\u017enih za polo\u017eaj starijih gra\u0111ana (standard, zapo\u0161ljavanje, zdravlje, socijalne usluge, kultura\u2026)<\/li>\n<li>saradnja sa institucijama sistema i civilnim sektorom<\/li>\n<\/ul>\n<p>NVU \u201eNa\u0161e doba\u201d \u010dlanica je <a href=\"http:\/\/iris-see.eu\/small-grants-facility-cso-our-age\/\" target=\"_blank\">Mre\u017ee IRIS<\/a> , <a href=\"http:\/\/www.speedup.net.me\/index.php\/me\/o-projektu\/o-projektu\" target=\"_blank\">Koalicije SPEED UP i<\/a> <a href=\"http:\/\/dignitas-network.org\/\">Mre\u017ee Dignitas<\/a>.<\/p>\n<p><strong><a href=\"http:\/\/iris-see.eu\/\" target=\"_blank\">Mre\u017ea IRIS<\/a><\/strong> je program za unapre\u0111enje socijalnih usluga u Jugoisto\u010dnoj Evropi kroz osna\u017eivanje regionalnih i nacionalnih mre\u017ea civilnog dru\u0161tva (Arbeiter-Samariter-Bund, Germany u partnerstvu sa SOLIDARom iz Belgije, Lokalnom Inicijativom Razvoja LIR iz BIH, Centrom za pravnu pomo\u0107 i regionalni razvoj CLARD sa Kosova, SOS Telefonom za \u017eene i decu \u017ertve porodi\u010dnog nasilja Podgorica, Organizacijom za gra\u0111anske inicijative iz Hrvatske OGI i Edukacionim centrom iz Srbije).<\/p>\n<p><strong><a href=\"http:\/\/www.speedup.net.me\" target=\"_blank\">Koalicija SPEED UP<\/a><\/strong> (Social Policies, Entrepreneurship, Employment, Dialogue UPgrading) jeste projekat za ja\u010dnje uloge civilnog dru\u0161tva u daljoj harmonizaciji crnogorskih socijalnih politika sa standardima EU i davanje doprinosa procesu pridru\u017eivanja Crne Gore Evropskoj uniji, podr\u017ean od Evropske komisije posredstvom Delegacije EU u Crnoj Gori.<\/p>\n<p><strong><u><a href=\"http:\/\/dignitas-network.org\/\">Mre\u017ea Dignitas<\/a> <\/u><\/strong>okuplja organizacije civilnog dru\u0161tva koji se bave pru\u017eanjem podr\u0161ke starijoj populaciji. Osnovana je u okviru regionalnog projekta <a href=\"http:\/\/humanas.rs\/tag\/tasiop\/\"><strong><em>Inicijativa za socijalno uklju\u010divanje starijih osoba<\/em><\/strong>,<\/a> u koji su uklju\u010dene organizacije iz Srbije, Makedonije, Bosne i Hercegovine, Albanije i Crne Gore. Partner na projektu u Crnoj Gori je Ministarstvo rada i socijalnog staranja, a rad Mre\u017ee podr\u017eavaju Zavod za socijalnu i dje\u010dju za\u0161titu i Ministarstvo zdravlja. Regionalni projekat je finansiran iz fondova EU, uz podr\u0161ku Austrijske agencije za razvoj i Austrijskog Crvenog krsta.<\/p>\n<p><a href=\"http:\/\/nasedoba.me\/wp-content\/uploads\/2016\/02\/Bilans-2013.pdf\" rel=\"\">Bilans 2013<\/a><\/p>\n<p><a href=\"http:\/\/nasedoba.me\/wp-content\/uploads\/2016\/02\/Bilans-2014.pdf\" rel=\"\">Bilans 2014<\/a><\/p>\n","protected":false},"excerpt":{"rendered":"<p>Na ovim stranicama bavimo se pitanjima vezanim za starije gra\u0111ane i nastojimo da na\u0161e vr\u0161njake podstaknemo da se vi\u0161e uklju\u010duju u sve procese koji se ti\u010du njih samih pa i u digitalno dru\u0161tvo. \u017delimo da preko ovih stranica razmjenjujemo informacije i ideje, da se povezujemo i zajedni\u010dkim snagama djelujemo u korist na\u0161e generacije, mla\u0111ih generacija [&hellip;]<\/p>\n","protected":false},"author":1,"featured_media":0,"parent":0,"menu_order":0,"comment_status":"closed","ping_status":"closed","template":"","meta":{"_et_pb_use_builder":"","_et_pb_old_content":"","_et_gb_content_width":"","footnotes":""},"class_list":["post-55","page","type-page","status-publish","hentry"],"jetpack_sharing_enabled":true,"_links":{"self":[{"href":"https:\/\/nasedoba.me\/index.php?rest_route=\/wp\/v2\/pages\/55","targetHints":{"allow":["GET"]}}],"collection":[{"href":"https:\/\/nasedoba.me\/index.php?rest_route=\/wp\/v2\/pages"}],"about":[{"href":"https:\/\/nasedoba.me\/index.php?rest_route=\/wp\/v2\/types\/page"}],"author":[{"embeddable":true,"href":"https:\/\/nasedoba.me\/index.php?rest_route=\/wp\/v2\/users\/1"}],"replies":[{"embeddable":true,"href":"https:\/\/nasedoba.me\/index.php?rest_route=%2Fwp%2Fv2%2Fcomments&post=55"}],"version-history":[{"count":12,"href":"https:\/\/nasedoba.me\/index.php?rest_route=\/wp\/v2\/pages\/55\/revisions"}],"predecessor-version":[{"id":1740,"href":"https:\/\/nasedoba.me\/index.php?rest_route=\/wp\/v2\/pages\/55\/revisions\/1740"}],"wp:attachment":[{"href":"https:\/\/nasedoba.me\/index.php?rest_route=%2Fwp%2Fv2%2Fmedia&parent=55"}],"curies":[{"name":"wp","href":"https:\/\/api.w.org\/{rel}","templated":true}]}}